{"id":5,"date":"2021-01-08T16:45:50","date_gmt":"2021-01-08T16:45:50","guid":{"rendered":"https:\/\/wp.marras.ch\/?page_id=5"},"modified":"2021-01-08T16:45:50","modified_gmt":"2021-01-08T16:45:50","slug":"diagnostik","status":"publish","type":"page","link":"https:\/\/wp.marras.ch\/index.php\/diagnostik\/","title":{"rendered":"Diagnostik"},"content":{"rendered":"\n<p>Unter neuropsychologischer Diagnostik wird die Abkl\u00e4rung von kognitiven Funktionsbereichen wie Aufmerksamkeit und Konzentration, Ged\u00e4chtnis und Lernen, Exekutivfunktionen, Wahrnehmung und Sprache verstanden. Dadurch werden bei Personen jeden Alters mit einer angeborenen oder durch Krankheit oder Unfall erworbenen Hirnsch\u00e4digung die Funktionsbereiche ermittelt, die einer F\u00f6rderung bed\u00fcrfen. Anhand neuropsychologischer Diagnostik k\u00f6nnen ausserdem Entwicklungsschwierigkeiten benannt sowie die Gr\u00fcnde f\u00fcr schulische, Lern- und Leistungsprobleme differenziert werden.<\/p>\n","protected":false},"excerpt":{"rendered":"<p>Unter neuropsychologischer Diagnostik wird die Abkl\u00e4rung von kognitiven Funktionsbereichen wie Aufmerksamkeit und Konzentration, Ged\u00e4chtnis und Lernen, Exekutivfunktionen, Wahrnehmung und Sprache&hellip;<\/p>\n","protected":false},"author":1,"featured_media":0,"parent":0,"menu_order":0,"comment_status":"closed","ping_status":"closed","template":"","meta":{"footnotes":""},"class_list":["post-5","page","type-page","status-publish","hentry"],"_links":{"self":[{"href":"https:\/\/wp.marras.ch\/index.php\/wp-json\/wp\/v2\/pages\/5","targetHints":{"allow":["GET"]}}],"collection":[{"href":"https:\/\/wp.marras.ch\/index.php\/wp-json\/wp\/v2\/pages"}],"about":[{"href":"https:\/\/wp.marras.ch\/index.php\/wp-json\/wp\/v2\/types\/page"}],"author":[{"embeddable":true,"href":"https:\/\/wp.marras.ch\/index.php\/wp-json\/wp\/v2\/users\/1"}],"replies":[{"embeddable":true,"href":"https:\/\/wp.marras.ch\/index.php\/wp-json\/wp\/v2\/comments?post=5"}],"version-history":[{"count":1,"href":"https:\/\/wp.marras.ch\/index.php\/wp-json\/wp\/v2\/pages\/5\/revisions"}],"predecessor-version":[{"id":6,"href":"https:\/\/wp.marras.ch\/index.php\/wp-json\/wp\/v2\/pages\/5\/revisions\/6"}],"wp:attachment":[{"href":"https:\/\/wp.marras.ch\/index.php\/wp-json\/wp\/v2\/media?parent=5"}],"curies":[{"name":"wp","href":"https:\/\/api.w.org\/{rel}","templated":true}]}}