{"id":25,"date":"2021-01-08T17:00:23","date_gmt":"2021-01-08T17:00:23","guid":{"rendered":"https:\/\/wp.marras.ch\/?page_id=25"},"modified":"2021-01-08T17:00:23","modified_gmt":"2021-01-08T17:00:23","slug":"kosten","status":"publish","type":"page","link":"https:\/\/wp.marras.ch\/index.php\/kosten\/","title":{"rendered":"Kosten"},"content":{"rendered":"\n<p><strong>Neuropsychologische Diagnostik<\/strong><\/p>\n\n\n\n<p>Seit Juli 2017 stellt die neuropsychologische Diagnostik eine Pflichtleistung innerhalb der Grundversicherung dar, d.h. Leistungen f\u00fcr neuropsychologische Diagnostik k\u00f6nnen den Krankenkassen in Rechnung gestellt werden. Es ist daf\u00fcr eine \u00e4rztliche \u00dcberweisung notwendig.<\/p>\n\n\n\n<p>Neuropsychologische Diagnostik von Unfallfolgen kann in der Regel direkt mit der Unfallversicherung abgerechnet werden. Hierf\u00fcr ist ebenfalls eine \u00e4rztliche \u00dcberweisung notwendig.<\/p>\n\n\n\n<p>Neuropsychologische Diagnostik in Zusammenhang mit der IV\/MV kann in der Regel direkt mit der IV\/MV abgerechnet werden. Daf\u00fcr braucht es eine direkte \u00dcberweisung durch die IV oder eine \u00e4rztliche \u00dcberweisung mit entsprechendem Kostengutsprachegesuch.<\/p>\n\n\n\n<p><strong>Neuropsychologische Therapie<\/strong><\/p>\n\n\n\n<p>Neuropsychologische Therapie stellt keine Pflichtleistung innerhalb der Grundversicherung dar. Je nach Versicherer und gew\u00e4hltem Versicherungsmodell, k\u00f6nnen die Leistungen jedoch Ihrer Zusatzversicherung in Rechnung gestellt werden. F\u00fcr detailliertere Ausk\u00fcnfte kontaktieren Sie bitte Ihre Krankenkasse.<\/p>\n\n\n\n<p>Die neuropsychologische Therapie kann von Selbstzahlern in Anspruch genommen werden. Anmeldungen sind jeder Zeit und ohne \u00e4rztliche \u00dcberweisung m\u00f6glich. Der Tarif f\u00fcr Selbstzahler liegt bei 140.- CHF \/ 60 Min.<\/p>\n\n\n\n<p><strong>Lerncoaching<\/strong><\/p>\n\n\n\n<p>Die Kosten f\u00fcr ein Lerncoaching k\u00f6nnen nicht \u00fcber die Krankenkasse abgerechnet werden und sind somit nur \u00fcber Selbstzahlung m\u00f6glich. Der Tarif liegt bei 140.- CHF \/ 60 Min.<\/p>\n\n\n\n<p><strong>Meditation<\/strong><\/p>\n\n\n\n<p>Die Kosten f\u00fcr den Meditationskurs im Einzelsetting f\u00fcr Kinder\/Erwachsene betragen 60.- CHF \/ 45 Min.<\/p>\n\n\n\n<p>Die Kosten f\u00fcr den Meditationskurs f\u00fcr Kinder im Gruppensetting betragen 25.- CHF \/ 45 Min.<\/p>\n\n\n\n<p><strong>Bitte beachten<\/strong>: Vereinbarte Termine k\u00f6nnen bis zu 24 Stunden vorher kostenfrei abgesagt werden. Bei Absagen weniger als 24 Stunden vor dem Termin oder Nichterscheinen werden Ihnen 100% der Kosten in Rechnung gestellt.<\/p>\n","protected":false},"excerpt":{"rendered":"<p>Neuropsychologische Diagnostik Seit Juli 2017 stellt die neuropsychologische Diagnostik eine Pflichtleistung innerhalb der Grundversicherung dar, d.h. Leistungen f\u00fcr neuropsychologische Diagnostik&hellip;<\/p>\n","protected":false},"author":1,"featured_media":0,"parent":0,"menu_order":0,"comment_status":"closed","ping_status":"closed","template":"","meta":{"footnotes":""},"class_list":["post-25","page","type-page","status-publish","hentry"],"_links":{"self":[{"href":"https:\/\/wp.marras.ch\/index.php\/wp-json\/wp\/v2\/pages\/25","targetHints":{"allow":["GET"]}}],"collection":[{"href":"https:\/\/wp.marras.ch\/index.php\/wp-json\/wp\/v2\/pages"}],"about":[{"href":"https:\/\/wp.marras.ch\/index.php\/wp-json\/wp\/v2\/types\/page"}],"author":[{"embeddable":true,"href":"https:\/\/wp.marras.ch\/index.php\/wp-json\/wp\/v2\/users\/1"}],"replies":[{"embeddable":true,"href":"https:\/\/wp.marras.ch\/index.php\/wp-json\/wp\/v2\/comments?post=25"}],"version-history":[{"count":1,"href":"https:\/\/wp.marras.ch\/index.php\/wp-json\/wp\/v2\/pages\/25\/revisions"}],"predecessor-version":[{"id":26,"href":"https:\/\/wp.marras.ch\/index.php\/wp-json\/wp\/v2\/pages\/25\/revisions\/26"}],"wp:attachment":[{"href":"https:\/\/wp.marras.ch\/index.php\/wp-json\/wp\/v2\/media?parent=25"}],"curies":[{"name":"wp","href":"https:\/\/api.w.org\/{rel}","templated":true}]}}